{"id":251698,"date":"2021-07-09T10:19:52","date_gmt":"2021-07-09T09:19:52","guid":{"rendered":"https:\/\/staging.boutentaxidermy.com\/?page_id=251698"},"modified":"2023-01-06T11:01:21","modified_gmt":"2023-01-06T10:01:21","slug":"praparieren-und-restaurieren","status":"publish","type":"page","link":"https:\/\/boutentaxidermy.com\/de\/praparieren-und-restaurieren\/","title":{"rendered":"Pr\u00e4parieren und restaurieren"},"content":{"rendered":"<div class=\"vce-row-container\" data-vce-boxed-width=\"true\"><div class=\"vce-row vce-row--col-gap-30 vce-row-equal-height vce-row-content--top\" id=\"el-604105c9\" data-vce-do-apply=\"all el-604105c9\"><div class=\"vce-row-content\" data-vce-element-content=\"true\"><div class=\"vce-col vce-col--md-48-03p vce-col--xs-1 vce-col--xs-last vce-col--xs-first vce-col--sm-last vce-col--sm-first vce-col--md-first vce-col--lg-first vce-col--xl-first\" id=\"el-59b1b5a3\"><div class=\"vce-col-inner\" data-vce-do-apply=\"border margin background  el-59b1b5a3\"><div class=\"vce-col-content\" data-vce-element-content=\"true\" data-vce-do-apply=\"padding el-59b1b5a3\"><div class=\"vce-text-block\"><div class=\"vce-text-block-wrapper vce\" id=\"el-23e1f99f\" data-vce-do-apply=\"all el-23e1f99f\"><h2>Pr\u00e4parieren und restaurieren<\/h2>Das pr\u00e4parieren und restaurieren von Tieren erfordert nicht nur Sachkenntnis und Erfahrung, sondern auch Talent und Leidenschaft sind unerl\u00e4sslich. Das zeigt sich bei dem  Bouten Taxidermy Studio schon seit \u00fcber einem Jahrhundert mit grossem Erfolg. Das Studio Bouten arbeitet mit einer  Vielfalt an Techniken und Materialien. Alle Pr\u00e4parations- und Restaurationsauftr\u00e4ge werden sorgf\u00e4ltlig durchgeplant. Vom kleinen Scho\u00dfhund hin  bis zu Elefanten, Giraffen oder einem beeindruckenden Grizzlyb\u00e4ren f\u00fcr Museen, Filmsets oder speziellen Kunstprojekten. Die Tiere behalten ihren Charakter dank gewissenhafter fachm\u00e4nnischer Pr\u00e4paration, die dem h\u00f6chsten internationalen Qualit\u00e4tsstandard  entspricht. <br><br>Taxidermy Studio Bouten ist auch spezialisiert auf die Restauration von  antiken Pr\u00e4paraten. Tiere mit  beeindruckender Vergangenheit bekommen wieder eine neue Zukunft.<br><\/div><\/div><\/div><\/div><\/div><div class=\"vce-col vce-col--md-51-95p vce-col--xs-1 vce-col--xs-last vce-col--xs-first vce-col--sm-last vce-col--sm-first vce-col--md-last vce-col--lg-last vce-col--xl-last\" id=\"el-4e4d9ef9\"><div class=\"vce-col-inner\" data-vce-do-apply=\"border margin background  el-4e4d9ef9\"><div class=\"vce-col-content\" data-vce-element-content=\"true\" data-vce-do-apply=\"padding el-4e4d9ef9\"><div class=\"vce-simple-image-slider\" style=\"--backgroundPosition:center center; --pointerColor:#fff; --pointerColorHover:rgb(147, 183, 133);\"><div class=\"vce-simple-image-slider-wrapper vce\" id=\"el-9b97ac21\" data-vce-do-apply=\"all el-9b97ac21\"><div class=\"vce-simple-image-slider-helper vce-simple-image-slider-aspect-ratio--4-3\"><div class=\"vce-simple-image-slider-list\" data-slick-autoplay=\"on\" data-slick-autoplay-delay=\"5000\" data-slick-effect=\"slideIn\" data-slick-dots=\"on\" data-slick-arrows=\"off\"><div class=\"slick-list\"><div class=\"slick-track\"><div class=\"vce-simple-image-slider-item vc-slick-item\"><div style=\"background-image:url(https:\/\/boutentaxidermy.com\/wp-content\/uploads\/2020\/05\/paard-voor-1.jpg)\" class=\"vce-simple-image-slider-img vce-simple-image-slider-img--scale\"><img class=\"\" src=\"https:\/\/boutentaxidermy.com\/wp-content\/uploads\/2020\/05\/paard-voor-1.jpg\" style=\"opacity:0\" alt=\"\"><\/div><\/div><div class=\"vce-simple-image-slider-item vc-slick-item\"><div style=\"background-image:url(https:\/\/boutentaxidermy.com\/wp-content\/uploads\/2020\/05\/paard-achter-1.jpg)\" class=\"vce-simple-image-slider-img vce-simple-image-slider-img--scale\"><img class=\"\" src=\"https:\/\/boutentaxidermy.com\/wp-content\/uploads\/2020\/05\/paard-achter-1.jpg\" style=\"opacity:0\" alt=\"\"><\/div><\/div><div class=\"vce-simple-image-slider-item vc-slick-item\"><div style=\"background-image:url(https:\/\/boutentaxidermy.com\/wp-content\/uploads\/2020\/05\/Maurice-bouten-paarden.jpg)\" class=\"vce-simple-image-slider-img vce-simple-image-slider-img--scale\"><img class=\"\" src=\"https:\/\/boutentaxidermy.com\/wp-content\/uploads\/2020\/05\/Maurice-bouten-paarden.jpg\" style=\"opacity:0\" alt=\"\"><\/div><\/div><\/div><\/div><\/div><div class=\"vce-simple-image-slider-dots\"><\/div><\/div><\/div><\/div><\/div><\/div><\/div><\/div><\/div><\/div>\n","protected":false},"excerpt":{"rendered":"<p>Pr\u00e4parieren und restaurierenDas pr\u00e4parieren und restaurieren von Tieren erfordert nicht nur Sachkenntnis und Erfahrung, sondern auch Talent und Leidenschaft sind unerl\u00e4sslich. Das zeigt sich bei dem Bouten Taxidermy Studio schon seit \u00fcber einem Jahrhundert mit grossem Erfolg. Das Studio Bouten arbeitet mit einer Vielfalt an Techniken und Materialien. Alle Pr\u00e4parations- und Restaurationsauftr\u00e4ge werden sorgf\u00e4ltlig durchgeplant. [&hellip;]<\/p>\n","protected":false},"author":1,"featured_media":0,"parent":0,"menu_order":5,"comment_status":"closed","ping_status":"closed","template":"","meta":{"inline_featured_image":false},"_links":{"self":[{"href":"https:\/\/boutentaxidermy.com\/de\/wp-json\/wp\/v2\/pages\/251698"}],"collection":[{"href":"https:\/\/boutentaxidermy.com\/de\/wp-json\/wp\/v2\/pages"}],"about":[{"href":"https:\/\/boutentaxidermy.com\/de\/wp-json\/wp\/v2\/types\/page"}],"author":[{"embeddable":true,"href":"https:\/\/boutentaxidermy.com\/de\/wp-json\/wp\/v2\/users\/1"}],"replies":[{"embeddable":true,"href":"https:\/\/boutentaxidermy.com\/de\/wp-json\/wp\/v2\/comments?post=251698"}],"version-history":[{"count":5,"href":"https:\/\/boutentaxidermy.com\/de\/wp-json\/wp\/v2\/pages\/251698\/revisions"}],"predecessor-version":[{"id":253921,"href":"https:\/\/boutentaxidermy.com\/de\/wp-json\/wp\/v2\/pages\/251698\/revisions\/253921"}],"wp:attachment":[{"href":"https:\/\/boutentaxidermy.com\/de\/wp-json\/wp\/v2\/media?parent=251698"}],"curies":[{"name":"wp","href":"https:\/\/api.w.org\/{rel}","templated":true}]}}